{"id":43,"date":"2022-05-30T15:06:11","date_gmt":"2022-05-30T15:06:11","guid":{"rendered":"http:\/\/www.dovelasoftware.com\/dovelasoftware\/?page_id=43"},"modified":"2024-09-27T16:03:05","modified_gmt":"2024-09-27T16:03:05","slug":"contacto","status":"publish","type":"page","link":"http:\/\/www.dovelasoftware.com\/dovelasoftware\/contacto\/","title":{"rendered":"CONTACTO"},"content":{"rendered":"<div  data-label=\"Contact\" data-id=\"contact--1\" data-export-id=\"contact-1\" data-category=\"contact\" class=\"contact-1 content-section content-section-spacing white-text\" data-parallax-depth=\"20\" id=\"contact-1\" style=\"background-color: rgb(245, 250, 253); background-image: url(&quot;https:\/\/www.dovelasoftware.com\/dovelasoftware\/wp-content\/uploads\/2022\/06\/fondo-contacto-dovela-07-scaled.jpg&quot;); background-size: cover; background-position: center top;\" data-section-ov=\"1\"><div  class=\"gridContainer\"> <div  class=\"row text-center\"><div  class=\"section-title-col\" data-type=\"column\">  <p  class=\"lead\" style=\"text-align: center;\"><span  style=\"font-family: &quot;arial black&quot;, sans-serif; color: rgb(3, 169, 244);\">M\u00c9XICO<\/span><br ><span  style=\"font-family: arial, helvetica, sans-serif; font-weight: 400;\">\n<span  style=\"color: rgb(52, 58, 64);\">Lago Alberto n\u00famero 442, oficina 303, Torre A,<\/span><\/span><br ><span  style=\"font-family: arial, helvetica, sans-serif; font-weight: 400; color: rgb(52, 58, 64);\">\nColonia An\u00e1huac I Secci\u00f3n, Miguel Hidalgo, C.P. 11320, CDMX.<\/span><br ><span  style=\"font-family: arial, helvetica, sans-serif; font-weight: 400; color: rgb(52, 58, 64);\">\nSTO Consulting: (55) 5284 5060<\/span><br ><span  style=\"font-family: &quot;arial black&quot;, sans-serif; color: rgb(3, 169, 244);\">\n<br >COLOMBIA<\/span><br ><span  style=\"font-family: arial, helvetica, sans-serif; font-weight: 400; color: rgb(52, 58, 64);\">\nCalle 125 #19-89 Oficina 502,<\/span><br ><span  style=\"font-family: arial, helvetica, sans-serif; font-weight: 400; color: rgb(52, 58, 64);\">\nBogot\u00e1, Colombia<\/span><br ><span  style=\"font-family: arial, helvetica, sans-serif; font-weight: 400; color: rgb(52, 58, 64);\">\nSTO Consulting Colombia: +57 1 6583760<\/span><\/p><h5  class=\"\"><span  style=\"font-family: arial, helvetica, sans-serif; font-weight: 400;\">Horario de Atenci\u00f3n de Lunes a viernes de 9:00 a 18:00<\/span><\/h5><\/div> <\/div> <div  class=\"row text-center\"> <div  class=\"col-xs-12 col-sm-8 col-sm-offset-2 contact-form-wrapper inline-info\"> <div  class=\"card large-padding\"> <div  class=\"\" data-content-shortcode=\"mesmerize_contact_form shortcode=&quot;wpforms id=&amp;amp;quot;74&amp;amp;quot; title=&amp;amp;quot;false&amp;amp;quot;&quot;\" data-editable=\"true\"><div class=\"wpforms-container wpforms-container-full\" id=\"wpforms-74\"><form id=\"wpforms-form-74\" class=\"wpforms-validate wpforms-form wpforms-ajax-form\" data-formid=\"74\" method=\"post\" enctype=\"multipart\/form-data\" action=\"\/dovelasoftware\/wp-json\/wp\/v2\/pages\/43\" data-token=\"c6f5c2a94a68546a09689d8be941c55c\" data-token-time=\"1777546999\"><noscript class=\"wpforms-error-noscript\">Por favor, activa JavaScript en tu navegador para completar este formulario.<\/noscript><div class=\"wpforms-field-container\"><div id=\"wpforms-74-field_1-container\" class=\"wpforms-field wpforms-field-name\" data-field-id=\"1\"><label class=\"wpforms-field-label\" for=\"wpforms-74-field_1\">Nombre <span class=\"wpforms-required-label\">*<\/span><\/label><input type=\"text\" id=\"wpforms-74-field_1\" class=\"wpforms-field-medium wpforms-field-required\" name=\"wpforms[fields][1]\" required><\/div><div id=\"wpforms-74-field_3-container\" class=\"wpforms-field wpforms-field-email\" data-field-id=\"3\"><label class=\"wpforms-field-label\" for=\"wpforms-74-field_3\">Correo electr\u00f3nico <span class=\"wpforms-required-label\">*<\/span><\/label><input type=\"email\" id=\"wpforms-74-field_3\" class=\"wpforms-field-medium wpforms-field-required\" name=\"wpforms[fields][3]\" spellcheck=\"false\" required><\/div><div id=\"wpforms-74-field_2-container\" class=\"wpforms-field wpforms-field-name\" data-field-id=\"2\"><label class=\"wpforms-field-label\" for=\"wpforms-74-field_2\">Empresa <span class=\"wpforms-required-label\">*<\/span><\/label><input type=\"text\" id=\"wpforms-74-field_2\" class=\"wpforms-field-medium wpforms-field-required\" name=\"wpforms[fields][2]\" required><\/div><div id=\"wpforms-74-field_8-container\" class=\"wpforms-field wpforms-field-text\" data-field-id=\"8\"><label class=\"wpforms-field-label\" for=\"wpforms-74-field_8\">Tel\u00e9fono <span class=\"wpforms-required-label\">*<\/span><\/label><input type=\"text\" id=\"wpforms-74-field_8\" class=\"wpforms-field-medium wpforms-field-required\" name=\"wpforms[fields][8]\" required><\/div><div id=\"wpforms-74-field_7-container\" class=\"wpforms-field wpforms-field-name\" data-field-id=\"7\"><label class=\"wpforms-field-label\" for=\"wpforms-74-field_7\">Pais <span class=\"wpforms-required-label\">*<\/span><\/label><input type=\"text\" id=\"wpforms-74-field_7\" class=\"wpforms-field-medium wpforms-field-required\" name=\"wpforms[fields][7]\" required><\/div><div id=\"wpforms-74-field_4-container\" class=\"wpforms-field wpforms-field-textarea\" data-field-id=\"4\"><label class=\"wpforms-field-label\" for=\"wpforms-74-field_4\">Dejanos tu Comentario<\/label><textarea id=\"wpforms-74-field_4\" class=\"wpforms-field-medium\" name=\"wpforms[fields][4]\" ><\/textarea><\/div><\/div><!-- .wpforms-field-container --><div class=\"wpforms-recaptcha-container wpforms-is-recaptcha wpforms-is-recaptcha-type-v2\" ><div class=\"g-recaptcha\" data-sitekey=\"6LcKskkqAAAAAByjYj5X5j_oti0FdKbwLSZL9QsI\"><\/div><input type=\"text\" name=\"g-recaptcha-hidden\" class=\"wpforms-recaptcha-hidden\" style=\"position:absolute!important;clip:rect(0,0,0,0)!important;height:1px!important;width:1px!important;border:0!important;overflow:hidden!important;padding:0!important;margin:0!important;\" data-rule-recaptcha=\"1\"><\/div><div class=\"wpforms-submit-container\" ><input type=\"hidden\" name=\"wpforms[id]\" value=\"74\"><input type=\"hidden\" name=\"page_title\" value=\"\"><input type=\"hidden\" name=\"page_url\" value=\"http:\/\/www.dovelasoftware.com\/dovelasoftware\/wp-json\/wp\/v2\/pages\/43\"><input type=\"hidden\" name=\"url_referer\" value=\"\"><button type=\"submit\" name=\"wpforms[submit]\" id=\"wpforms-submit-74\" class=\"wpforms-submit\" data-alt-text=\"Enviando...\" data-submit-text=\"Enviar\" aria-live=\"assertive\" value=\"wpforms-submit\">Enviar<\/button><img loading=\"lazy\" decoding=\"async\" src=\"http:\/\/www.dovelasoftware.com\/dovelasoftware\/wp-content\/plugins\/wpforms-lite\/assets\/images\/submit-spin.svg\" class=\"wpforms-submit-spinner\" style=\"display: none;\" width=\"26\" height=\"26\" alt=\"Cargando\"><\/div><\/form><\/div>  <!-- .wpforms-container --><\/div><\/div> <\/div><\/div> <\/div><\/div>","protected":false},"excerpt":{"rendered":"<p>M\u00c9XICO Lago Alberto n\u00famero 442, oficina 303, Torre A, Colonia An\u00e1huac I Secci\u00f3n, Miguel Hidalgo, C.P. 11320, CDMX. STO Consulting: (55) 5284 5060 COLOMBIA Calle 125 #19-89 Oficina 502, Bogot\u00e1, Colombia STO Consulting Colombia: +57 1 6583760Horario de Atenci\u00f3n de Lunes a viernes de 9:00 a 18:00<\/p>\n","protected":false},"author":1,"featured_media":0,"parent":0,"menu_order":0,"comment_status":"closed","ping_status":"closed","template":"pro\/page-templates\/full-width-page.php","meta":{"_joinchat":[],"footnotes":""},"class_list":["post-43","page","type-page","status-publish","hentry"],"_links":{"self":[{"href":"http:\/\/www.dovelasoftware.com\/dovelasoftware\/wp-json\/wp\/v2\/pages\/43","targetHints":{"allow":["GET"]}}],"collection":[{"href":"http:\/\/www.dovelasoftware.com\/dovelasoftware\/wp-json\/wp\/v2\/pages"}],"about":[{"href":"http:\/\/www.dovelasoftware.com\/dovelasoftware\/wp-json\/wp\/v2\/types\/page"}],"author":[{"embeddable":true,"href":"http:\/\/www.dovelasoftware.com\/dovelasoftware\/wp-json\/wp\/v2\/users\/1"}],"replies":[{"embeddable":true,"href":"http:\/\/www.dovelasoftware.com\/dovelasoftware\/wp-json\/wp\/v2\/comments?post=43"}],"version-history":[{"count":18,"href":"http:\/\/www.dovelasoftware.com\/dovelasoftware\/wp-json\/wp\/v2\/pages\/43\/revisions"}],"predecessor-version":[{"id":1065,"href":"http:\/\/www.dovelasoftware.com\/dovelasoftware\/wp-json\/wp\/v2\/pages\/43\/revisions\/1065"}],"wp:attachment":[{"href":"http:\/\/www.dovelasoftware.com\/dovelasoftware\/wp-json\/wp\/v2\/media?parent=43"}],"curies":[{"name":"wp","href":"https:\/\/api.w.org\/{rel}","templated":true}]}}