{"id":6,"date":"2022-05-30T14:20:37","date_gmt":"2022-05-30T14:20:37","guid":{"rendered":"http:\/\/www.dovelasoftware.com\/dovelasoftware\/empowerwp-pro\/"},"modified":"2023-05-25T17:49:59","modified_gmt":"2023-05-25T17:49:59","slug":"empowerwp-pro","status":"publish","type":"page","link":"http:\/\/www.dovelasoftware.com\/dovelasoftware\/","title":{"rendered":"DOVELA"},"content":{"rendered":"<div  data-label=\"QUE ES DOVELA\" data-id=\"about--5\" data-export-id=\"about-9\" data-category=\"about\" class=\"about-9 content-section content-section-spacing\" id=\"que-es-dovela\" style=\"background-color: rgb(255, 255, 255); background-image: url(&quot;http:\/\/www.dovelasoftware.com\/dovelasoftware\/wp-content\/uploads\/2022\/05\/FONDO_DOVELA.png&quot;); background-size: cover; background-position: center top;\"><div  class=\"gridContainer\"> <div  class=\"row middle-sm text-center\"><div  class=\"col-sm-5 space-bottom-xs content-column content-left-sm\" data-type=\"column\">  <h2  class=\"\" style=\"border-bottom-color: rgb(17, 245, 230);\"><span  style=\"font-family: arial, helvetica, sans-serif;\"><span  style=\"color: rgb(0, 62, 79); font-weight: 700;\">DOVELA <\/span><span  style=\"color: rgb(67, 128, 255);\">SOFTWARE<\/span><\/span><\/h2> <p  class=\"\"><span  style=\"color: rgb(26, 46, 53);\"><span  style=\"font-family: arial, helvetica, sans-serif; font-weight: 400; color: rgb(0, 0, 0);\"><span  style=\"font-weight: 700;\">Soluci\u00f3n integral para facturaci\u00f3n Inteligente<\/span> que maneja herramientas de anal\u00edtica y compulsa para tener mayor control de los procesos fiscales contemplando elementos de estad\u00edstica b\u00e1sica para la optimizaci\u00f3n de la toma de decisiones.<\/span><br ><span  style=\"font-family: arial, helvetica, sans-serif;\"><\/span><\/span><\/p> <\/div> <div  class=\"col-sm-7 flexbox flexbox middle-xs center-xs space-bottom-xs\"><div  class=\"overlay-box flexbox middle-xs center-xs overlay-holder \"> <div  class=\"overlay-box-offset offset-background shadow-medium bg-color2 hide-xs\"><\/div> <a data-cp-link=\"1\" href=\"#\" target=\"_self\" rel=\"noopener\"><img  decoding=\"async\" class=\"flexbox shadow-large img1\" src=\"\" data-size=\"600x400\" title=\"INVISIBLE-06\" alt=\"\"><\/a><\/div> <\/div><\/div> <\/div><\/div><div  data-label=\"CON NUESTRAS APLICACIONES\" data-id=\"about--3\" data-export-id=\"about-1\" data-category=\"about\" class=\"about-1 content-section\" id=\"con-nuestras-aplicaciones\" style=\"background-color: rgb(255, 255, 255); background-image: none; background-size: cover; background-position: center top;\"><div  class=\"gridContainer\"> <div  class=\"row text-center\"><div  class=\"section-title-col\" data-type=\"column\">  <h2  class=\"\" style=\"border-bottom-color: rgb(17, 255, 230);\"><span  style=\"font-family: arial, helvetica, sans-serif;\">Con nuestras aplicaciones podr\u00e1s tener el control \n<br >de todos tus procesos<\/span><\/h2> <\/div> <\/div> <div  class=\"row\"> <div  class=\"button-holder space-bottom space-bottom-small\" data-type=\"column\"> <\/div> <div  class=\"col-xs bottom-xs flexbox image-group-bottom-3-img space-bottom-xs center-xs\"> <a data-cp-link=\"1\" href=\"#\" class=\"left-img-anchor\" target=\"_self\" rel=\"noopener\"><img  decoding=\"async\" class=\"left-img shadow-large-black\" data-size=\"500x300\" src=\"\"><\/a> <a data-cp-link=\"1\" href=\"#\" class=\"center-img-anchor\" target=\"_self\" rel=\"noopener\"><img  decoding=\"async\" class=\"center-img shadow-large-black\" data-size=\"500x300\" src=\"\"><\/a> <a data-cp-link=\"1\" href=\"#\" class=\"right-img-anchor\" target=\"_self\" rel=\"noopener\"><img  decoding=\"async\" class=\"right-img shadow-large-black\" data-size=\"500x300\" src=\"\"><\/a><\/div> <\/div><\/div> <\/div><div  data-label=\"APLICACIONES\" data-id=\"about--4\" data-export-id=\"about-1\" data-category=\"about\" class=\"about-1 content-section\" id=\"aplicaciones\" style=\"background-color: rgb(255, 255, 255); background-image: url(&quot;http:\/\/www.dovelasoftware.com\/dovelasoftware\/wp-content\/uploads\/2022\/05\/SECCION-APLICACIONES-TODAS.png&quot;); background-size: cover; background-position: center top;\"><div  class=\"gridContainer\"> <div  class=\"row text-center\"><div  class=\"section-title-col\" data-type=\"column\"><a data-cp-link=\"1\" href=\"#\" class=\"\" target=\"_self\" rel=\"noopener\"><img  decoding=\"async\" class=\"custom-image\" src=\"\" title=\"INVISIBLE-06\" alt=\"\"><\/a>   <\/div> <\/div> <div  class=\"row\"> <div  class=\"button-holder space-bottom space-bottom-small\" data-type=\"column\"><p  class=\"lead\">\n<br >\n<br ><br >\n<br ><br ><br >\n<br ><br >\n\n<br ><br >\n<\/p> <\/div> <div  class=\"col-xs bottom-xs flexbox image-group-bottom-3-img space-bottom-xs center-xs\"> <a data-cp-link=\"1\" href=\"#\" class=\"left-img-anchor\" target=\"_self\" rel=\"noopener\"><img  decoding=\"async\" class=\"left-img shadow-large-black\" data-size=\"500x300\" src=\"\" title=\"INVISIBLE-06\" alt=\"\"><\/a> <a data-cp-link=\"1\" href=\"#\" class=\"center-img-anchor\" target=\"_self\" rel=\"noopener\"><img  decoding=\"async\" class=\"center-img shadow-large-black\" data-size=\"500x300\" src=\"\" title=\"INVISIBLE-06\" alt=\"\"><\/a> <a data-cp-link=\"1\" href=\"#\" class=\"right-img-anchor\" target=\"_self\" rel=\"noopener\"><img  decoding=\"async\" class=\"right-img shadow-large-black\" data-size=\"500x300\" src=\"\"><\/a><\/div> <\/div><\/div> <\/div><div  data-label=\"PAC AST\" data-id=\"clients--1\" data-export-id=\"clients-4\" data-category=\"clients\" class=\"clients-4 content-section content-section-spacing-small\" id=\"pac-ast\" style=\"background-color: rgb(255, 255, 255); background-image: none;\"><div  class=\"gridContainer\"> <div  class=\"row\"><div  data-type=\"column\" class=\"section-title-col\"> <h2  class=\"font-700\" style=\"border-bottom-color: rgb(18, 133, 186); text-align: center;\"><span  style=\"font-weight: 700; color: rgb(60, 66, 79);\"><span  style=\"font-family: arial, helvetica, sans-serif;\">Proveedor Autorizado de Certificaci\u00f3n ante el SAT PAC (09581)<\/span><\/span><\/h2> <\/div> <\/div> <div  data-type=\"row\" class=\"row spaced-cols middle-xs center-xs space-bottom padding-lr\"> <div  class=\"col-xs-6 col-sm-2\"> <\/div> <div  class=\"col-xs-6 col-sm-2\"> <a data-cp-link=\"1\" href=\"http:\/\/omawww.sat.gob.mx\/tramitesyservicios\/Paginas\/pac_stofactura.htm\" class=\"\" target=\"_blank\" rel=\"noopener\"><img  decoding=\"async\" src=\"http:\/\/www.dovelasoftware.com\/dovelasoftware\/wp-content\/uploads\/2022\/05\/LOGO_SAT.png\" class=\"\" title=\"LOGO_SAT\" alt=\"\"><\/a><\/div>   <div  class=\"col-xs-6 col-sm-2\"> <\/div>  <\/div><\/div> <\/div><div  data-label=\"SITIO GRATUITO\" data-id=\"content--1\" data-export-id=\"content-12\" data-category=\"content\" class=\"content-12 content-section content-section-spacing\" id=\"sitio-gratuito\" style=\"background-color: rgba(3, 169, 244, 0.133); background-image: none; background-size: cover; background-position: center top;\"><div  class=\"gridContainer\"> <div  class=\"row text-center\"><div  class=\"section-title-col\" data-type=\"column\"> <h2  class=\"\" style=\"border-bottom-color: rgb(3, 169, 244);\"><span  style=\"font-family: arial, helvetica, sans-serif;\">SITIO GRATUITO DE FACTURACI\u00d3N<\/span><span  style=\"font-family: arial, helvetica, sans-serif; color: rgb(9, 67, 183); font-weight: 600;\"><\/span><\/h2> <p  class=\"lead\" style=\"text-align: justify;\"><span  style=\"color: rgb(0, 0, 0); font-weight: 400; font-family: arial, helvetica, sans-serif;\"><\/span><span  style=\"font-family: arial, helvetica, sans-serif; font-weight: 400; color: rgb(26, 46, 53);\">Copiando y pegando en tu navegador de preferencia la siguiente<\/span><br ><span  style=\"font-family: arial, helvetica, sans-serif; font-weight: 400; color: rgb(26, 46, 53);\">\n URL: <a data-mce-href=\"https:\/\/pac.stofactura.com\/pac-freesite\/\" href=\"https:\/\/pac.stofactura.com\/pac-freesite\" target=\"_self\" data-mce-selected=\"inline-boundary\" data-cp-link=\"1\" rel=\"noopener\" class=\"\">https:\/\/pac.stofactura.com\/pac-freesite\/<\/a><\/span><br ><span  style=\"font-family: arial, helvetica, sans-serif; font-weight: 400; color: rgb(26, 46, 53);\">\nEn este sitio gratuito podr\u00e1s:<\/span><br ><span  style=\"font-family: arial, helvetica, sans-serif; font-weight: 400; color: rgb(26, 46, 53);\">\n\u2022 Emitir comprobantes fiscales por internet.<\/span><br ><span  style=\"font-family: arial, helvetica, sans-serif; font-weight: 400; color: rgb(26, 46, 53);\">\n\u2022 Consultar los comprobantes que has emitido.<\/span><br ><span  style=\"font-family: arial, helvetica, sans-serif; font-weight: 400; color: rgb(26, 46, 53);\">\n\u2022 Descargar los archivos XML y PDF correspondientes a dichos comprobantes.<\/span><br ><span  style=\"font-family: arial, helvetica, sans-serif; font-weight: 400; color: rgb(26, 46, 53);\">\n\u2022 Cancelar comprobantes.<\/span><br ><span  style=\"font-family: arial, helvetica, sans-serif; font-weight: 400; color: rgb(26, 46, 53);\">\nPara descargar el manual de usuario, haz clic aqu\u00ed:<\/span><br ><span  style=\"color: rgb(0, 0, 0); font-weight: 400; font-family: arial, helvetica, sans-serif;\"><\/span><\/p><a class=\"button big color1\" href=\"http:\/\/www.dovelasoftware.com\/dovelasoftware\/wp-content\/uploads\/2022\/06\/STO_Neon_manual_usuario_sitioGratuito.pdf\" target=\"_blank\" data-cp-link=\"1\" data-icon=\"\" rel=\"noopener\">DESCARGAR MANUAL<\/a><\/div> <\/div> <div  class=\"row center-xs middle-xs\"> <div  class=\"col-sm-9\" data-type=\"column\"> <a data-cp-link=\"1\" href=\"#\" class=\"\" target=\"_self\" rel=\"noopener\"><img  decoding=\"async\" class=\"shadow-large\" src=\"\"><\/a><p  class=\"lead\" style=\"text-align: justify;\"><span  style=\"color: rgb(0, 0, 0); font-weight: 400; font-family: arial, helvetica, sans-serif;\"><\/span><span  style=\"color: rgb(26, 46, 53); font-family: arial, helvetica, sans-serif; font-weight: 400;\">En caso de requerir apoyo y\/o soporte t\u00e9cnico, por favor no dudes en comunicarte con nosotros a trav\u00e9s de los siguientes medios:<\/span><br ><span  style=\"color: rgb(26, 46, 53); font-family: arial, helvetica, sans-serif; font-weight: 400;\">\nPor correo electr\u00f3nico: <span  style=\"font-weight: 600;\"><a data-mce-href=\"http:\/\/isupport.stoapps.com\" href=\"http:\/\/isupport.stoapps.com\" target=\"_blank\" rel=\"noopener\" data-mce-selected=\"inline-boundary\" data-cp-link=\"1\" class=\"\">http:\/\/isupport.stoapps.com<\/a><\/span><\/span><br ><span  style=\"color: rgb(26, 46, 53); font-family: arial, helvetica, sans-serif; font-weight: 400;\">\nPor tel\u00e9fono: Desde la Ciudad de M\u00e9xico (01 55) 5284 5060 Opci\u00f3n 3 Soporte<\/span><br ><span  style=\"color: rgb(0, 0, 0); font-weight: 400; font-family: arial, helvetica, sans-serif;\"><span  style=\"font-weight: 600;\"><\/span><\/span><\/p><h5  class=\"\">D\u00e9janos tambi\u00e9n sus sugerencias y\/o comentarios en la secci\u00f3n de contacto.<\/h5><a class=\"button big color1\" href=\"http:\/\/www.dovelasoftware.com\/dovelasoftware\/contacto\" target=\"_self\" data-cp-link=\"1\" data-icon=\"\" rel=\"noopener\">CONTACTO<\/a><\/div> <\/div><\/div> <\/div><div  data-label=\"Contact\" data-id=\"contact--1\" data-export-id=\"contact-1\" data-category=\"contact\" class=\"contact-1 content-section content-section-spacing white-text\" data-parallax-depth=\"20\" id=\"contact-1\" style=\"background-color: rgb(245, 250, 253); background-image: url(&quot;http:\/\/www.dovelasoftware.com\/dovelasoftware\/wp-content\/uploads\/2022\/06\/fondo-contacto-dovela-07-scaled.jpg&quot;); background-size: cover; background-position: center top;\" data-section-ov=\"1\"><div  class=\"gridContainer\"> <div  class=\"row text-center\"><div  class=\"section-title-col\" data-type=\"column\"> <h2  class=\"\" style=\"border-bottom-color: rgb(3, 169, 244);\"><span  style=\"font-family: arial, helvetica, sans-serif; color: rgb(0, 62, 79);\">CONTACTO<\/span><span  style=\"color: rgb(9, 67, 183); font-weight: 400; font-family: &quot;arial black&quot;, sans-serif;\"><\/span><\/h2> <p  class=\"lead\" style=\"text-align: center;\"><span  style=\"color: rgb(3, 169, 244); font-weight: 400; font-family: &quot;arial black&quot;, sans-serif;\">M\u00c9XICO<\/span><br ><span  style=\"color: rgb(1, 1, 1); font-weight: 400; font-family: arial, helvetica, sans-serif;\">\nLago Alberto n\u00famero 442, oficina 303, Torre A,<\/span><br ><span  style=\"color: rgb(1, 1, 1); font-weight: 400; font-family: arial, helvetica, sans-serif;\">\nColonia An\u00e1huac I Secci\u00f3n, Miguel Hidalgo, C.P. 11320, CDMX<\/span><br ><span  style=\"color: rgb(1, 1, 1); font-weight: 400; font-family: arial, helvetica, sans-serif;\">\nSTO Consulting: (55) 5284 5060<\/span><br ><br ><span  style=\"color: rgb(3, 169, 244); font-weight: 400; font-family: &quot;arial black&quot;, sans-serif;\">\nCOLOMBIA<\/span><br ><span  style=\"color: rgb(1, 1, 1); font-weight: 400; font-family: arial, helvetica, sans-serif;\">\nCalle 125 #19-89 Oficina 502,<\/span><br ><span  style=\"color: rgb(1, 1, 1); font-weight: 400; font-family: arial, helvetica, sans-serif;\">\nBogot\u00e1, Colombia<\/span><br ><span  style=\"color: rgb(1, 1, 1); font-weight: 400; font-family: arial, helvetica, sans-serif;\">\nSTO Consulting Colombia: +57 1 6583760<\/span><\/p><\/div> <\/div> <div  class=\"row text-center\"> <div  class=\"col-xs-12 col-sm-8 col-sm-offset-2 contact-form-wrapper inline-info\"> <div  class=\"card large-padding\"> <div  class=\"\" data-content-shortcode=\"mesmerize_contact_form shortcode=&quot;wpforms id=&amp;amp;quot;74&amp;amp;quot; title=&amp;amp;quot;false&amp;amp;quot;&quot;\" data-editable=\"true\"><div class=\"wpforms-container wpforms-container-full\" id=\"wpforms-74\"><form id=\"wpforms-form-74\" class=\"wpforms-validate wpforms-form wpforms-ajax-form\" data-formid=\"74\" method=\"post\" enctype=\"multipart\/form-data\" action=\"\/dovelasoftware\/wp-json\/wp\/v2\/pages\/6\" data-token=\"c6f5c2a94a68546a09689d8be941c55c\" data-token-time=\"1777542176\"><noscript class=\"wpforms-error-noscript\">Por favor, activa JavaScript en tu navegador para completar este formulario.<\/noscript><div class=\"wpforms-field-container\"><div id=\"wpforms-74-field_1-container\" class=\"wpforms-field wpforms-field-name\" data-field-id=\"1\"><label class=\"wpforms-field-label\" for=\"wpforms-74-field_1\">Nombre <span class=\"wpforms-required-label\">*<\/span><\/label><input type=\"text\" id=\"wpforms-74-field_1\" class=\"wpforms-field-medium wpforms-field-required\" name=\"wpforms[fields][1]\" required><\/div><div id=\"wpforms-74-field_3-container\" class=\"wpforms-field wpforms-field-email\" data-field-id=\"3\"><label class=\"wpforms-field-label\" for=\"wpforms-74-field_3\">Correo electr\u00f3nico <span class=\"wpforms-required-label\">*<\/span><\/label><input type=\"email\" id=\"wpforms-74-field_3\" class=\"wpforms-field-medium wpforms-field-required\" name=\"wpforms[fields][3]\" spellcheck=\"false\" required><\/div><div id=\"wpforms-74-field_2-container\" class=\"wpforms-field wpforms-field-name\" data-field-id=\"2\"><label class=\"wpforms-field-label\" for=\"wpforms-74-field_2\">Empresa <span class=\"wpforms-required-label\">*<\/span><\/label><input type=\"text\" id=\"wpforms-74-field_2\" class=\"wpforms-field-medium wpforms-field-required\" name=\"wpforms[fields][2]\" required><\/div><div id=\"wpforms-74-field_8-container\" class=\"wpforms-field wpforms-field-text\" data-field-id=\"8\"><label class=\"wpforms-field-label\" for=\"wpforms-74-field_8\">Tel\u00e9fono <span class=\"wpforms-required-label\">*<\/span><\/label><input type=\"text\" id=\"wpforms-74-field_8\" class=\"wpforms-field-medium wpforms-field-required\" name=\"wpforms[fields][8]\" required><\/div><div id=\"wpforms-74-field_7-container\" class=\"wpforms-field wpforms-field-name\" data-field-id=\"7\"><label class=\"wpforms-field-label\" for=\"wpforms-74-field_7\">Pais <span class=\"wpforms-required-label\">*<\/span><\/label><input type=\"text\" id=\"wpforms-74-field_7\" class=\"wpforms-field-medium wpforms-field-required\" name=\"wpforms[fields][7]\" required><\/div><div id=\"wpforms-74-field_4-container\" class=\"wpforms-field wpforms-field-textarea\" data-field-id=\"4\"><label class=\"wpforms-field-label\" for=\"wpforms-74-field_4\">Dejanos tu Comentario<\/label><textarea id=\"wpforms-74-field_4\" class=\"wpforms-field-medium\" name=\"wpforms[fields][4]\" ><\/textarea><\/div><\/div><!-- .wpforms-field-container --><div class=\"wpforms-recaptcha-container wpforms-is-recaptcha wpforms-is-recaptcha-type-v2\" ><div class=\"g-recaptcha\" data-sitekey=\"6LcKskkqAAAAAByjYj5X5j_oti0FdKbwLSZL9QsI\"><\/div><input type=\"text\" name=\"g-recaptcha-hidden\" class=\"wpforms-recaptcha-hidden\" style=\"position:absolute!important;clip:rect(0,0,0,0)!important;height:1px!important;width:1px!important;border:0!important;overflow:hidden!important;padding:0!important;margin:0!important;\" data-rule-recaptcha=\"1\"><\/div><div class=\"wpforms-submit-container\" ><input type=\"hidden\" name=\"wpforms[id]\" value=\"74\"><input type=\"hidden\" name=\"page_title\" value=\"\"><input type=\"hidden\" name=\"page_url\" value=\"http:\/\/www.dovelasoftware.com\/dovelasoftware\/wp-json\/wp\/v2\/pages\/6\"><input type=\"hidden\" name=\"url_referer\" value=\"\"><button type=\"submit\" name=\"wpforms[submit]\" id=\"wpforms-submit-74\" class=\"wpforms-submit\" data-alt-text=\"Enviando...\" data-submit-text=\"Enviar\" aria-live=\"assertive\" value=\"wpforms-submit\">Enviar<\/button><img loading=\"lazy\" decoding=\"async\" src=\"http:\/\/www.dovelasoftware.com\/dovelasoftware\/wp-content\/plugins\/wpforms-lite\/assets\/images\/submit-spin.svg\" class=\"wpforms-submit-spinner\" style=\"display: none;\" width=\"26\" height=\"26\" alt=\"Cargando\"><\/div><\/form><\/div>  <!-- .wpforms-container --><\/div><\/div> <\/div><\/div> <\/div><\/div>","protected":false},"excerpt":{"rendered":"<p>DOVELA SOFTWARE Soluci\u00f3n integral para facturaci\u00f3n Inteligente que maneja herramientas de anal\u00edtica y compulsa para tener mayor control de los procesos fiscales contemplando elementos de estad\u00edstica b\u00e1sica para la optimizaci\u00f3n de la toma de decisiones. Con nuestras aplicaciones podr\u00e1s tener el control de todos tus procesos Proveedor Autorizado de Certificaci\u00f3n ante el SAT PAC (09581)&hellip; <br \/> <a class=\"read-more\" href=\"http:\/\/www.dovelasoftware.com\/dovelasoftware\/\">Read more<\/a><\/p>\n","protected":false},"author":1,"featured_media":0,"parent":0,"menu_order":0,"comment_status":"closed","ping_status":"closed","template":"page-templates\/homepage.php","meta":{"_joinchat":[],"footnotes":""},"class_list":["post-6","page","type-page","status-publish","hentry"],"_links":{"self":[{"href":"http:\/\/www.dovelasoftware.com\/dovelasoftware\/wp-json\/wp\/v2\/pages\/6","targetHints":{"allow":["GET"]}}],"collection":[{"href":"http:\/\/www.dovelasoftware.com\/dovelasoftware\/wp-json\/wp\/v2\/pages"}],"about":[{"href":"http:\/\/www.dovelasoftware.com\/dovelasoftware\/wp-json\/wp\/v2\/types\/page"}],"author":[{"embeddable":true,"href":"http:\/\/www.dovelasoftware.com\/dovelasoftware\/wp-json\/wp\/v2\/users\/1"}],"replies":[{"embeddable":true,"href":"http:\/\/www.dovelasoftware.com\/dovelasoftware\/wp-json\/wp\/v2\/comments?post=6"}],"version-history":[{"count":68,"href":"http:\/\/www.dovelasoftware.com\/dovelasoftware\/wp-json\/wp\/v2\/pages\/6\/revisions"}],"predecessor-version":[{"id":605,"href":"http:\/\/www.dovelasoftware.com\/dovelasoftware\/wp-json\/wp\/v2\/pages\/6\/revisions\/605"}],"wp:attachment":[{"href":"http:\/\/www.dovelasoftware.com\/dovelasoftware\/wp-json\/wp\/v2\/media?parent=6"}],"curies":[{"name":"wp","href":"https:\/\/api.w.org\/{rel}","templated":true}]}}