{"id":8,"date":"2022-05-30T14:22:22","date_gmt":"2022-05-30T14:22:22","guid":{"rendered":"http:\/\/www.dovelasoftware.com\/dovelasoftware\/?page_id=8"},"modified":"2022-07-06T16:18:14","modified_gmt":"2022-07-06T16:18:14","slug":"aplicaciones","status":"publish","type":"page","link":"http:\/\/www.dovelasoftware.com\/dovelasoftware\/aplicaciones\/","title":{"rendered":"APLICACIONES"},"content":{"rendered":"<div  data-label=\"INTELIGENCIA FISCAL\" data-id=\"about--1\" data-export-id=\"about-9\" data-category=\"about\" class=\"about-9 content-section content-section-spacing\" id=\"inteligencia-fiscal\" style=\"background-color: rgb(255, 255, 255); background-image: url(&quot;http:\/\/www.dovelasoftware.com\/dovelasoftware\/wp-content\/uploads\/2022\/05\/SECCIONINTELIGENCIA-FISCAL.png&quot;); background-size: cover; background-position: center top;\"><div  class=\"gridContainer\"> <div  class=\"row middle-sm text-center\"><div  class=\"col-sm-5 space-bottom-xs content-column content-left-sm\" data-type=\"column\">  <h2  class=\"\" style=\"border-bottom-color: rgb(17, 245, 230);\"><span  style=\"color: rgb(45, 45, 60); font-family: arial, helvetica, sans-serif;\">INTELIGENCIA FISCAL<\/span><span  id=\"_mce_caret\" data-mce-bogus=\"1\" data-mce-type=\"format-caret\"><span  style=\"color: rgb(45, 45, 60);\">\ufeff<\/span><\/span><\/h2> <p  class=\"\" style=\"text-align: left;\"><span  style=\"font-family: arial, helvetica, sans-serif; font-weight: 400; color: rgb(0, 0, 0);\">Facilita la descarga masiva de CFDI reportados ante el SAT, cumpliendo con los requisitos de conservaci\u00f3n establecidos y brindando seguridad en el resguardo de los archivos XML<span  style=\"font-weight: 700;\"> (Ingreso, Egreso, N\u00f3mina, Traslado y Pagos)<\/span>. Realizando la compulsa entre al Metadata del SAT y los CFDI emitidos por su organizaci\u00f3n, as\u00ed como, la consulta recurrente de los contribuyentes incluidos en las listas negras y herramientas de anal\u00edtica que contemplan el uso de estad\u00edstica b\u00e1sica y modelos predictivos de acuerdo a las necesidades del negocio.<\/span><\/p> <a class=\"button big color1\" href=\"http:\/\/www.dovelasoftware.com\/dovelasoftware\/brochure-inteligencia\" target=\"_self\" data-cp-link=\"1\" data-icon=\"\" rel=\"noopener\">DESCARGA BROCHURE<\/a><\/div> <div  class=\"col-sm-7 flexbox flexbox middle-xs center-xs space-bottom-xs\"><div  class=\"overlay-box flexbox middle-xs center-xs overlay-holder \"> <div  class=\"overlay-box-offset offset-background shadow-medium bg-color2 hide-xs\"><\/div> <a data-cp-link=\"1\" href=\"#\" target=\"_self\" rel=\"noopener\"><img decoding=\"async\"  class=\"flexbox shadow-large img1\" src=\"\" data-size=\"600x400\"><\/a><\/div> <\/div><\/div> <\/div><\/div><div  data-label=\"EMISION\" data-id=\"about--2\" data-export-id=\"about-9\" data-category=\"about\" class=\"about-9 content-section content-section-spacing\" id=\"emision\" style=\"background-color: rgb(245, 250, 253); background-image: url(&quot;http:\/\/www.dovelasoftware.com\/dovelasoftware\/wp-content\/uploads\/2022\/05\/SECCION-EMISION.png&quot;); background-size: cover; background-position: center top;\"><div  class=\"gridContainer\"> <div  class=\"row middle-sm text-center\"><div  class=\"col-sm-5 space-bottom-xs content-column content-left-sm\" data-type=\"column\">  <h2  class=\"\" style=\"border-bottom-color: rgb(17, 245, 230);\"><span  style=\"font-family: arial, helvetica, sans-serif; color: rgb(45, 45, 60);\">EMISI\u00d3N<\/span><\/h2> <p  class=\"\" style=\"text-align: justify;\"><span  style=\"font-family: arial, helvetica, sans-serif;\"><span  style=\"font-weight: 400; color: rgb(0, 0, 0);\">Facilidad de realizar el proceso para la generaci\u00f3n de CFDI de manera manual o autom\u00e1tica, soportando una alta concurrencia de transacciones, dise\u00f1ado para emitir documentos de ingreso, egreso, pagos, n\u00f3mina y traslado, as\u00ed como los complementos de comercio exterior, carta porte y pagos a terceros.<\/span><\/span>\n<br >\n<br ><br >\n<\/p> <a class=\"button big color1\" href=\"http:\/\/www.dovelasoftware.com\/dovelasoftware\/brochure-emision\" target=\"_self\" data-cp-link=\"1\" data-icon=\"\" rel=\"noopener\">DESCARGA BROCHURE<\/a><\/div> <div  class=\"col-sm-7 flexbox flexbox middle-xs center-xs space-bottom-xs\"><div  class=\"overlay-box flexbox middle-xs center-xs overlay-holder \"> <div  class=\"overlay-box-offset offset-background shadow-medium bg-color2 hide-xs\"><\/div> <a data-cp-link=\"1\" href=\"#\" target=\"_self\" rel=\"noopener\"><img decoding=\"async\"  class=\"flexbox shadow-large img1\" src=\"\" data-size=\"600x400\"><\/a><\/div> <\/div><\/div> <\/div><\/div><div  data-label=\"AUTOFACTURA\" data-id=\"about--7\" data-export-id=\"about-9\" data-category=\"about\" class=\"about-9 content-section content-section-spacing\" id=\"autofactura\" style=\"background-color: rgb(255, 255, 255); background-image: url(&quot;http:\/\/www.dovelasoftware.com\/dovelasoftware\/wp-content\/uploads\/2022\/05\/SECCION-AUTOFACTURA.png&quot;); background-size: cover; background-position: center top;\"><div  class=\"gridContainer\"> <div  class=\"row middle-sm text-center\"><div  class=\"col-sm-5 space-bottom-xs content-column content-left-sm\" data-type=\"column\">  <h2  class=\"\" style=\"border-bottom-color: rgb(17, 245, 230);\"><span  style=\"font-family: arial, helvetica, sans-serif;\">AUTOFACTURA<\/span><span  id=\"_mce_caret\" data-mce-bogus=\"1\" data-mce-type=\"format-caret\"><span  style=\"color: rgb(45, 45, 60); font-family: arial, helvetica, sans-serif;\">\ufeff<\/span><\/span><\/h2> <p  class=\"\" style=\"text-align: justify;\"><span  style=\"color: rgb(45, 45, 60); font-family: arial, helvetica, sans-serif;\"><span  style=\"font-weight: 400;\">Seguridad y exclusividad a tus clientes de generar de manera r\u00e1pida y sencilla su CFDI desde cualquier lugar por medio de un portal. Dise\u00f1ado para empresas de diferentes sectores que cuentan con punto de venta cumpliendo con la entrega del CFDI a cada uno de sus clientes y la facturaci\u00f3n global de venta al mostrador.<\/span>\n<br ><br >\n<br ><br >\n<\/span><\/p> <a class=\"button color1\" href=\"http:\/\/www.dovelasoftware.com\/dovelasoftware\/brochure-autofactura\" target=\"_self\" data-cp-link=\"1\" data-icon=\"\" rel=\"noopener\">DESCARGA BROCHURE<\/a><\/div> <div  class=\"col-sm-7 flexbox flexbox middle-xs center-xs space-bottom-xs\"><div  class=\"overlay-box flexbox middle-xs center-xs overlay-holder \"> <div  class=\"overlay-box-offset offset-background shadow-medium bg-color2 hide-xs\"><\/div> <a data-cp-link=\"1\" href=\"#\" target=\"_self\" rel=\"noopener\"><img decoding=\"async\"  class=\"flexbox shadow-large img1\" src=\"\" data-size=\"600x400\" title=\"cropped-INVISIBLE-06.png\" alt=\"\"><\/a><\/div> <\/div><\/div> <\/div><\/div><div  data-label=\"PROVEEDORES\" data-id=\"about--4\" data-export-id=\"about-9\" data-category=\"about\" class=\"about-9 content-section content-section-spacing\" id=\"proveedores\" style=\"background-color: rgb(245, 250, 253); background-image: url(&quot;http:\/\/www.dovelasoftware.com\/dovelasoftware\/wp-content\/uploads\/2022\/05\/ILUSTRACIONES-SECCIONES-SITIO_PROVEEDORES.png&quot;); background-size: cover; background-position: center top;\"><div  class=\"gridContainer\"> <div  class=\"row middle-sm text-center\"><div  class=\"col-sm-5 space-bottom-xs content-column content-left-sm\" data-type=\"column\">  <h2  class=\"\" style=\"border-bottom-color: rgb(17, 245, 230);\"><span  style=\"font-family: arial, helvetica, sans-serif; color: rgb(45, 45, 60);\">PROVEEDORES<\/span><span  id=\"_mce_caret\" data-mce-bogus=\"1\" data-mce-type=\"format-caret\"><span  style=\"font-family: arial, helvetica, sans-serif; color: rgb(45, 45, 60);\">\ufeff<\/span><\/span><\/h2> <p  class=\"\" style=\"text-align: justify;\"><span  style=\"font-family: arial, helvetica, sans-serif; color: rgb(45, 45, 60); font-weight: 400;\"><font  style=\"vertical-align: inherit;\"><font  style=\"vertical-align: inherit;\">Soluci\u00f3n confiable que ofrece la seguridad que los documentos que entregan los proveedores cumplen fiscalmente con lo establecido en el Anexo 20, evitando duplicidad de pagos, mediante un flujo de aprobaci\u00f3n para la recepci\u00f3n\/integraci\u00f3n de los CFDI al ERP, estableciendo comunicaci\u00f3n cliente\/proveedor para la entrega de documentos de manera unitaria o masiva.<\/font><\/font><\/span><span  id=\"_mce_caret\" data-mce-bogus=\"1\" data-mce-type=\"format-caret\"><span  style=\"color: rgb(60, 66, 79);\">\ufeff<\/span><\/span><\/p> <a class=\"button big color1\" href=\"http:\/\/www.dovelasoftware.com\/dovelasoftware\/brochure-proveedores\" target=\"_self\" data-cp-link=\"1\" data-icon=\"\" rel=\"noopener\">DESCARGA BROCHURE<\/a><\/div> <div  class=\"col-sm-7 flexbox flexbox middle-xs center-xs space-bottom-xs\"><div  class=\"overlay-box flexbox middle-xs center-xs overlay-holder \"> <div  class=\"overlay-box-offset offset-background shadow-medium bg-color2 hide-xs\"><\/div> <a data-cp-link=\"1\" href=\"#\" target=\"_self\" rel=\"noopener\"><img decoding=\"async\"  class=\"flexbox shadow-large img1\" src=\"\" data-size=\"600x400\"><\/a><\/div> <\/div><\/div> <\/div><\/div><div  data-label=\"GASTOS Y ANTICIPOS\" data-id=\"about--5\" data-export-id=\"about-9\" data-category=\"about\" class=\"about-9 content-section content-section-spacing\" id=\"gastos-y-anticipos\" style=\"background-color: rgb(255, 255, 255); background-image: url(&quot;http:\/\/www.dovelasoftware.com\/dovelasoftware\/wp-content\/uploads\/2022\/05\/SECCION-GASTOS-Y-ANTICIPOS.png&quot;); background-size: cover; background-position: center top;\"><div  class=\"gridContainer\"> <div  class=\"row middle-sm text-center\"><div  class=\"col-sm-5 space-bottom-xs content-column content-left-sm\" data-type=\"column\">  <h2  class=\"\" style=\"text-align: right; border-bottom-color: rgb(17, 245, 230);\"><span  style=\"font-family: arial, helvetica, sans-serif; color: rgb(45, 45, 60);\"><font  style=\"vertical-align: inherit;\"><font  style=\"vertical-align: inherit;\">GASTOS Y ANTICIPOS<\/font><\/font><\/span><\/h2> <p  class=\"\" style=\"text-align: justify;\"><span  style=\"color: rgb(45, 45, 60); font-weight: 400; font-family: arial, helvetica, sans-serif;\"><font  style=\"vertical-align: inherit;\"><font  style=\"vertical-align: inherit;\">Recurso empresarial para la administraci\u00f3n, coordinaci\u00f3n y control total de los gastos de la empresa de una manera sencilla, creando un flujo de aprobaci\u00f3n interno para validar, autorizar, procesar y auditar los gastos bajo las reglas del negocio y\/o establecidas por el SAT.\n<br ><br >\n<\/font><\/font><\/span><\/p> <a class=\"button big color1\" href=\"http:\/\/www.dovelasoftware.com\/dovelasoftware\/brochure-gastos-anticipos\" target=\"_self\" data-cp-link=\"1\" data-icon=\"\" rel=\"noopener\">DESCARGA BROCHURE<\/a><\/div> <div  class=\"col-sm-7 flexbox flexbox middle-xs center-xs space-bottom-xs\"><div  class=\"overlay-box flexbox middle-xs center-xs overlay-holder \"> <div  class=\"overlay-box-offset offset-background shadow-medium bg-color2 hide-xs\"><\/div> <a data-cp-link=\"1\" href=\"#\" target=\"_self\" rel=\"noopener\"><img decoding=\"async\"  class=\"flexbox shadow-large img1\" src=\"\" data-size=\"600x400\"><\/a><\/div> <\/div><\/div> <\/div><\/div><div  data-label=\"CONTABILIDAD ELECTRNICA\" data-id=\"about--6\" data-export-id=\"about-9\" data-category=\"about\" class=\"about-9 content-section content-section-spacing\" id=\"contabilidad-electrnica\" style=\"background-color: rgb(245, 250, 253); background-image: url(&quot;http:\/\/www.dovelasoftware.com\/dovelasoftware\/wp-content\/uploads\/2022\/05\/SECCION-CONTABILIDAD-ELECTRONICA.png&quot;); background-size: cover; background-position: center top;\"><div  class=\"gridContainer\"> <div  class=\"row middle-sm text-center\"><div  class=\"col-sm-5 space-bottom-xs content-column content-left-sm\" data-type=\"column\">  <h2  class=\"\" style=\"text-align: left; border-bottom-color: rgb(17, 245, 230);\"><span  style=\"color: rgb(45, 45, 60); font-family: arial, helvetica, sans-serif;\"><font  style=\"vertical-align: inherit;\"><font  style=\"vertical-align: inherit;\">CONTABILIDAD ELECTR\u00d3NICA<\/font><\/font><\/span><\/h2> <p  class=\"\" style=\"text-align: justify;\"><span  style=\"color: rgb(45, 45, 60); font-weight: 400; font-family: arial, helvetica, sans-serif;\"><font  style=\"vertical-align: inherit;\"><font  style=\"vertical-align: inherit;\">Garantizamos el cumplimiento  de las regulaciones establecidas por el SAT de acuerdo en el Anexo 24, ofreciendo la generaci\u00f3n  y validaci\u00f3n de los archivos XML de Cat\u00e1logo de Cuentas, Balanza, P\u00f3lizas Contables, Auxiliar de Folios y Auxiliar de Cuentas.<\/font><\/font><\/span><\/p> <a class=\"button big color1\" href=\"http:\/\/www.dovelasoftware.com\/dovelasoftware\/brochure-contabilidad-electronica\" target=\"_self\" data-cp-link=\"1\" data-icon=\"\" rel=\"noopener\">DESCARGA BROCHURE<\/a><\/div> <div  class=\"col-sm-7 flexbox flexbox middle-xs center-xs space-bottom-xs\"><div  class=\"overlay-box flexbox middle-xs center-xs overlay-holder \"> <div  class=\"overlay-box-offset offset-background shadow-medium bg-color2 hide-xs\"><\/div> <a data-cp-link=\"1\" href=\"#\" target=\"_self\" rel=\"noopener\"><img decoding=\"async\"  class=\"flexbox shadow-large img1\" src=\"\" data-size=\"600x400\"><\/a><\/div> <\/div><\/div> <\/div><\/div><div  data-label=\"Contact\" data-id=\"contact--1\" data-export-id=\"contact-1\" data-category=\"contact\" class=\"contact-1 content-section content-section-spacing white-text\" data-parallax-depth=\"20\" id=\"contact-1\" style=\"background-color: rgb(245, 250, 253); background-image: url(&quot;http:\/\/www.dovelasoftware.com\/dovelasoftware\/wp-content\/uploads\/2022\/06\/fondo-contacto-dovela-07-scaled.jpg&quot;); background-size: cover; background-position: center top;\" data-section-ov=\"1\"><div  class=\"gridContainer\"> <div  class=\"row text-center\"><div  class=\"section-title-col\" data-type=\"column\"> <h2  class=\"\" style=\"border-bottom-color: rgb(3, 169, 244);\"><span  style=\"font-weight: 400; font-family: arial, helvetica, sans-serif; color: rgb(60, 66, 79);\">CONTACTO<\/span><\/h2> <p  class=\"lead\" style=\"text-align: center;\"><span  style=\"font-family: arial, helvetica, sans-serif; font-weight: 700; color: rgb(31, 149, 203);\">M\u00c9XICO<\/span><br ><span  style=\"font-family: arial, helvetica, sans-serif; color: rgb(52, 58, 64); font-weight: 400;\">\nLago Alberto n\u00famero 442,<\/span><br ><span  style=\"font-family: arial, helvetica, sans-serif; color: rgb(52, 58, 64); font-weight: 400;\">\noficina 303, Torre A, Colonia An\u00e1huac I Secci\u00f3n, Miguel Hidalgo, C.P. 11320, CDMX<\/span><br ><span  style=\"font-family: arial, helvetica, sans-serif; color: rgb(52, 58, 64); font-weight: 400;\">\nSTO Consulting: (55) 5284 5060<\/span><br ><br ><span  style=\"font-family: arial, helvetica, sans-serif; font-weight: 700;\">\n<span  style=\"color: rgb(31, 149, 203);\">COLOMBIA<\/span><\/span><br ><span  style=\"font-family: arial, helvetica, sans-serif; color: rgb(52, 58, 64); font-weight: 400;\">\nCalle 125 #19-89 Oficina 502,<\/span><br ><span  style=\"font-family: arial, helvetica, sans-serif; color: rgb(52, 58, 64); font-weight: 400;\">\nBogot\u00e1, Colombia<\/span><br ><span  style=\"font-family: arial, helvetica, sans-serif; color: rgb(52, 58, 64); font-weight: 400;\">\nSTO Consulting Colombia: +57 1 6583760<\/span><\/p><\/div> <\/div> <div  class=\"row text-center\"> <div  class=\"col-xs-12 col-sm-8 col-sm-offset-2 contact-form-wrapper inline-info\"> <div  class=\"card large-padding\"> <div  class=\"\" data-content-shortcode=\"mesmerize_contact_form shortcode=&quot;wpforms id=&amp;amp;quot;74&amp;amp;quot; title=&amp;amp;quot;false&amp;amp;quot;&quot;\" data-editable=\"true\"><div class=\"wpforms-container wpforms-container-full\" id=\"wpforms-74\"><form id=\"wpforms-form-74\" class=\"wpforms-validate wpforms-form wpforms-ajax-form\" data-formid=\"74\" method=\"post\" enctype=\"multipart\/form-data\" action=\"\/dovelasoftware\/wp-json\/wp\/v2\/pages\/8\" data-token=\"c6f5c2a94a68546a09689d8be941c55c\" data-token-time=\"1777546710\"><noscript class=\"wpforms-error-noscript\">Por favor, activa JavaScript en tu navegador para completar este formulario.<\/noscript><div class=\"wpforms-field-container\"><div id=\"wpforms-74-field_1-container\" class=\"wpforms-field wpforms-field-name\" data-field-id=\"1\"><label class=\"wpforms-field-label\" for=\"wpforms-74-field_1\">Nombre <span class=\"wpforms-required-label\">*<\/span><\/label><input type=\"text\" id=\"wpforms-74-field_1\" class=\"wpforms-field-medium wpforms-field-required\" name=\"wpforms[fields][1]\" required><\/div><div id=\"wpforms-74-field_3-container\" class=\"wpforms-field wpforms-field-email\" data-field-id=\"3\"><label class=\"wpforms-field-label\" for=\"wpforms-74-field_3\">Correo electr\u00f3nico <span class=\"wpforms-required-label\">*<\/span><\/label><input type=\"email\" id=\"wpforms-74-field_3\" class=\"wpforms-field-medium wpforms-field-required\" name=\"wpforms[fields][3]\" spellcheck=\"false\" required><\/div><div id=\"wpforms-74-field_2-container\" class=\"wpforms-field wpforms-field-name\" data-field-id=\"2\"><label class=\"wpforms-field-label\" for=\"wpforms-74-field_2\">Empresa <span class=\"wpforms-required-label\">*<\/span><\/label><input type=\"text\" id=\"wpforms-74-field_2\" class=\"wpforms-field-medium wpforms-field-required\" name=\"wpforms[fields][2]\" required><\/div><div id=\"wpforms-74-field_8-container\" class=\"wpforms-field wpforms-field-text\" data-field-id=\"8\"><label class=\"wpforms-field-label\" for=\"wpforms-74-field_8\">Tel\u00e9fono <span class=\"wpforms-required-label\">*<\/span><\/label><input type=\"text\" id=\"wpforms-74-field_8\" class=\"wpforms-field-medium wpforms-field-required\" name=\"wpforms[fields][8]\" required><\/div><div id=\"wpforms-74-field_7-container\" class=\"wpforms-field wpforms-field-name\" data-field-id=\"7\"><label class=\"wpforms-field-label\" for=\"wpforms-74-field_7\">Pais <span class=\"wpforms-required-label\">*<\/span><\/label><input type=\"text\" id=\"wpforms-74-field_7\" class=\"wpforms-field-medium wpforms-field-required\" name=\"wpforms[fields][7]\" required><\/div><div id=\"wpforms-74-field_4-container\" class=\"wpforms-field wpforms-field-textarea\" data-field-id=\"4\"><label class=\"wpforms-field-label\" for=\"wpforms-74-field_4\">Dejanos tu Comentario<\/label><textarea id=\"wpforms-74-field_4\" class=\"wpforms-field-medium\" name=\"wpforms[fields][4]\" ><\/textarea><\/div><\/div><!-- .wpforms-field-container --><div class=\"wpforms-recaptcha-container wpforms-is-recaptcha wpforms-is-recaptcha-type-v2\" ><div class=\"g-recaptcha\" data-sitekey=\"6LcKskkqAAAAAByjYj5X5j_oti0FdKbwLSZL9QsI\"><\/div><input type=\"text\" name=\"g-recaptcha-hidden\" class=\"wpforms-recaptcha-hidden\" style=\"position:absolute!important;clip:rect(0,0,0,0)!important;height:1px!important;width:1px!important;border:0!important;overflow:hidden!important;padding:0!important;margin:0!important;\" data-rule-recaptcha=\"1\"><\/div><div class=\"wpforms-submit-container\" ><input type=\"hidden\" name=\"wpforms[id]\" value=\"74\"><input type=\"hidden\" name=\"page_title\" value=\"\"><input type=\"hidden\" name=\"page_url\" value=\"http:\/\/www.dovelasoftware.com\/dovelasoftware\/wp-json\/wp\/v2\/pages\/8\"><input type=\"hidden\" name=\"url_referer\" value=\"\"><button type=\"submit\" name=\"wpforms[submit]\" id=\"wpforms-submit-74\" class=\"wpforms-submit\" data-alt-text=\"Enviando...\" data-submit-text=\"Enviar\" aria-live=\"assertive\" value=\"wpforms-submit\">Enviar<\/button><img loading=\"lazy\" decoding=\"async\" src=\"http:\/\/www.dovelasoftware.com\/dovelasoftware\/wp-content\/plugins\/wpforms-lite\/assets\/images\/submit-spin.svg\" class=\"wpforms-submit-spinner\" style=\"display: none;\" width=\"26\" height=\"26\" alt=\"Cargando\"><\/div><\/form><\/div>  <!-- .wpforms-container --><\/div><\/div> <\/div><\/div> <\/div><\/div>","protected":false},"excerpt":{"rendered":"<p>INTELIGENCIA FISCAL\ufeff Facilita la descarga masiva de CFDI reportados ante el SAT, cumpliendo con los requisitos de conservaci\u00f3n establecidos y brindando seguridad en el resguardo de los archivos XML (Ingreso, Egreso, N\u00f3mina, Traslado y Pagos). Realizando la compulsa entre al Metadata del SAT y los CFDI emitidos por su organizaci\u00f3n, as\u00ed como, la consulta recurrente&hellip; <br \/> <a class=\"read-more\" href=\"http:\/\/www.dovelasoftware.com\/dovelasoftware\/aplicaciones\/\">Read more<\/a><\/p>\n","protected":false},"author":1,"featured_media":0,"parent":0,"menu_order":0,"comment_status":"closed","ping_status":"closed","template":"pro\/page-templates\/full-width-page.php","meta":{"_joinchat":[],"footnotes":""},"class_list":["post-8","page","type-page","status-publish","hentry"],"_links":{"self":[{"href":"http:\/\/www.dovelasoftware.com\/dovelasoftware\/wp-json\/wp\/v2\/pages\/8","targetHints":{"allow":["GET"]}}],"collection":[{"href":"http:\/\/www.dovelasoftware.com\/dovelasoftware\/wp-json\/wp\/v2\/pages"}],"about":[{"href":"http:\/\/www.dovelasoftware.com\/dovelasoftware\/wp-json\/wp\/v2\/types\/page"}],"author":[{"embeddable":true,"href":"http:\/\/www.dovelasoftware.com\/dovelasoftware\/wp-json\/wp\/v2\/users\/1"}],"replies":[{"embeddable":true,"href":"http:\/\/www.dovelasoftware.com\/dovelasoftware\/wp-json\/wp\/v2\/comments?post=8"}],"version-history":[{"count":37,"href":"http:\/\/www.dovelasoftware.com\/dovelasoftware\/wp-json\/wp\/v2\/pages\/8\/revisions"}],"predecessor-version":[{"id":566,"href":"http:\/\/www.dovelasoftware.com\/dovelasoftware\/wp-json\/wp\/v2\/pages\/8\/revisions\/566"}],"wp:attachment":[{"href":"http:\/\/www.dovelasoftware.com\/dovelasoftware\/wp-json\/wp\/v2\/media?parent=8"}],"curies":[{"name":"wp","href":"https:\/\/api.w.org\/{rel}","templated":true}]}}